{"id":478,"date":"2025-06-24T15:37:59","date_gmt":"2025-06-24T13:37:59","guid":{"rendered":"https:\/\/greenpride.indivontwikkelt.nl\/ueber-uns\/"},"modified":"2026-03-30T22:40:44","modified_gmt":"2026-03-30T20:40:44","slug":"ueber-uns","status":"publish","type":"page","link":"https:\/\/greenpride.indivontwikkelt.nl\/de\/ueber-uns\/","title":{"rendered":"\u00dcber uns"},"content":{"rendered":"\n<div class=\"indiv-block header\">\n  <div class=\"top-part\">\n    <div class=\"container\">\n      <div class=\"row justify-content-center\">\n        <div class=\"col-12 col-lg-5 col-xxl-4\">\n          <div class=\"acf-innerblocks-container\">\n\n<h2 class=\"wp-block-heading\"><em>Treffen Sie<\/em> GreenPride<\/h2>\n\n<\/div>\n        <\/div>\n        <div class=\"col-12 col-lg-6\">\n          <p>Bei dem Contracting-Unternehmen Greenpride sind wir bereit f\u00fcr den Gew\u00e4chshausanbau.<br \/>\nWir sind auf Contracting, Gew\u00e4chshausreinigung und nachhaltige Wartungsl\u00f6sungen spezialisiert.<br \/>\nMit einem leidenschaftlichen Team und umweltfreundlichen Produkten sorgen wir f\u00fcr saubere, sichere und effiziente Gew\u00e4chsh\u00e4user.<\/p>\n        <\/div>\n      <\/div>\n    <\/div>\n  <\/div>\n  \n  <img loading=\"lazy\" decoding=\"async\" width=\"1440\" height=\"1080\" src=\"https:\/\/greenpride.indivontwikkelt.nl\/wp-content\/uploads\/2025\/06\/a0f314b91e5e27968d3f8bdfbe787dfe9736e792.jpg\" class=\"img-fluid bottom-image\" alt=\"\" srcset=\"https:\/\/greenpride.indivontwikkelt.nl\/wp-content\/uploads\/2025\/06\/a0f314b91e5e27968d3f8bdfbe787dfe9736e792.jpg 1440w, https:\/\/greenpride.indivontwikkelt.nl\/wp-content\/uploads\/2025\/06\/a0f314b91e5e27968d3f8bdfbe787dfe9736e792-300x225.jpg 300w, https:\/\/greenpride.indivontwikkelt.nl\/wp-content\/uploads\/2025\/06\/a0f314b91e5e27968d3f8bdfbe787dfe9736e792-1024x768.jpg 1024w, https:\/\/greenpride.indivontwikkelt.nl\/wp-content\/uploads\/2025\/06\/a0f314b91e5e27968d3f8bdfbe787dfe9736e792-768x576.jpg 768w\" sizes=\"auto, (max-width: 1440px) 100vw, 1440px\" \/><\/div>  <div class=\"indiv-block breakpoint-spacer\" style=\"--height-xxl: 120px;--height-xl: 120px;--height-lg: 120px;--height-md: 60px;--height-sm: 60px;--height-default: 60px;\"><\/div>\n<div class=\"wp-bootstrap-blocks-container container mb-0\">\n\t\n\n<div class=\"indiv-block smaller-content\">\n  <div class=\"row justify-content-center\">\n    <div class=\"col-xxl-10 col-lg-11 col-12\">\n      <div class=\"acf-innerblocks-container\">\n<div class=\"wp-bootstrap-blocks-row row\">\n\t\n\n<div class=\"col-12 col-lg-12\">\n\t\t\t\n\n<h2 class=\"wp-block-heading has-grey-color has-text-color has-link-color wp-elements-577811b8ba57ce84a3a4d809a0d1d5c5\">Contractor Greenpride ist ein dynamisches Unternehmen, das sich auf die <mark style=\"background-color:rgba(0, 0, 0, 0)\" class=\"has-inline-color has-green-color\">Reinigung <\/mark>und <mark style=\"background-color:rgba(0, 0, 0, 0)\" class=\"has-inline-color has-green-color\">Beschichtung<\/mark> <mark style=\"background-color:rgba(0, 0, 0, 0)\" class=\"has-inline-color has-green-color\">von Gew\u00e4chsh\u00e4usern <\/mark>spezialisiert hat.  <\/h2>\n\n\t<\/div>\n\n<\/div>\n\n\n  <div class=\"indiv-block breakpoint-spacer\" style=\"--height-xxl: 20px;--height-xl: 20px;--height-lg: 20px;--height-md: 20px;--height-sm: 20px;--height-default: 20px;\"><\/div>\n\n\n<div class=\"wp-bootstrap-blocks-row row gy-4\">\n\t\n\n<div class=\"col-12 col-lg-6\">\n\t\t\t\n\n<p><strong>Jesse spricht<\/strong><\/p>\n\n\n\n<p>Das Blut kriecht dorthin, wo es nicht hinkommt. Da ich in einer Unternehmerfamilie aufgewachsen bin, war es irgendwann zu erwarten, dass ich mich selbst\u00e4ndig machen wollte. Da ich mehrere Jahre im Gartenbau gearbeitet habe und seit meiner Kindheit mit diesem Bereich in Ber\u00fchrung gekommen bin, ist der Gartenbau zu meiner zweiten Heimat geworden.  <\/p>\n\n\t<\/div>\n\n\n\n<div class=\"col-12 col-lg-6\">\n\t\t\t\n\n<p><\/p>\n\n\n\n<p>Aus diesem Grund kenne ich die Lohnbuchhaltungsfirma meines Vaters schon lange, von Schulaufgaben \u00fcber Praktika bis hin zu Wochenend- und Feiertagsarbeit. Es hat mir immer Spa\u00df gemacht, im Unternehmen mitzuhelfen. Im Jahr 2023 bekam ich die Chance, in das Unternehmen meines Vaters einzusteigen, um es schlie\u00dflich 2025 zu \u00fcbernehmen. Ich freue mich sehr \u00fcber diese Gelegenheit in diesem gro\u00dfartigen Unternehmen.<\/p>\n\n\t<\/div>\n\n<\/div>\n\n<\/div>\n    <\/div>\n  <\/div>\n<\/div>\n\n<\/div>\n  <div class=\"indiv-block breakpoint-spacer\" style=\"--height-xxl: 72px;--height-xl: 72px;--height-lg: 72px;--height-md: 72px;--height-sm: 72px;--height-default: 72px;\"><\/div>\n<div class=\"wp-bootstrap-blocks-container container mb-0\">\n\t\n\n<div class=\"indiv-block smaller-content\">\n  <div class=\"row justify-content-center\">\n    <div class=\"col-xxl-10 col-lg-11 col-12\">\n      <div class=\"acf-innerblocks-container\">\n\n<figure class=\"wp-block-video over-ons-video\"><video autoplay=\"\" loop=\"\" muted=\"\" src=\"https:\/\/greenpride.indivontwikkelt.nl\/wp-content\/uploads\/2025\/09\/overons.mp4\"><\/video><\/figure>\n\n<\/div>\n    <\/div>\n  <\/div>\n<\/div>\n\n<\/div>\n  <div class=\"indiv-block breakpoint-spacer\" style=\"--height-xxl: 112px;--height-xl: 112px;--height-lg: 112px;--height-md: 66px;--height-sm: 66px;--height-default: 66px;\"><\/div>\n<div class=\"wp-bootstrap-blocks-container container mb-0\">\n\t\n\n<div class=\"indiv-block smaller-content\">\n  <div class=\"row justify-content-center\">\n    <div class=\"col-xxl-6 col-lg-8 col-md-10 col-12\">\n      <div class=\"acf-innerblocks-container\">\n\n<h2 class=\"wp-block-heading has-text-align-center\">Unser <mark style=\"background-color:rgba(0, 0, 0, 0)\" class=\"has-inline-color has-green-color\">Auftrag<\/mark> und unsere <mark style=\"background-color:rgba(0, 0, 0, 0)\" class=\"has-inline-color has-green-color\">Vision<\/mark><\/h2>\n\n\n\n<p class=\"has-text-align-center d-none\">Lorem ipsum dolor sit amet consectetur. Mauris feugiat imperdiet praesent massa tristique lacus cursus vitae. Aliquam sollicitudin tristique lectus id non sollicitudin. Mauris nisl urna urna commodo. Neque amet id vitae lorem facilisis aliquam odio. Iaculis maecenas fames sagittis dignissim leo.<\/p>\n\n<\/div>\n    <\/div>\n  <\/div>\n<\/div>\n\n\n  <div class=\"indiv-block breakpoint-spacer\" style=\"--height-xxl: 72px;--height-xl: 72px;--height-lg: 72px;--height-md: 72px;--height-sm: 72px;--height-default: 72px;\"><\/div>\n\n\n\n<div class=\"indiv-block smaller-content\">\n  <div class=\"row justify-content-center\">\n    <div class=\"col-xxl-10 col-lg-11 col-12\">\n      <div class=\"acf-innerblocks-container\">\n<div class=\"wp-bootstrap-blocks-row row gy-4\">\n\t\n\n<div class=\"col-12 col-lg-6\">\n\t\t\t\n\n<figure class=\"wp-block-image size-large is-style-rounded\"><img loading=\"lazy\" decoding=\"async\" width=\"1024\" height=\"768\" src=\"https:\/\/greenpride.indivontwikkelt.nl\/wp-content\/uploads\/2025\/06\/c61df9b080947c652ff27f7c4393c07278325d3e-1024x768.jpg\" alt=\"\" class=\"wp-image-91\" style=\"aspect-ratio:733\/320;object-fit:cover\" srcset=\"https:\/\/greenpride.indivontwikkelt.nl\/wp-content\/uploads\/2025\/06\/c61df9b080947c652ff27f7c4393c07278325d3e-1024x768.jpg 1024w, https:\/\/greenpride.indivontwikkelt.nl\/wp-content\/uploads\/2025\/06\/c61df9b080947c652ff27f7c4393c07278325d3e-300x225.jpg 300w, https:\/\/greenpride.indivontwikkelt.nl\/wp-content\/uploads\/2025\/06\/c61df9b080947c652ff27f7c4393c07278325d3e-768x576.jpg 768w, https:\/\/greenpride.indivontwikkelt.nl\/wp-content\/uploads\/2025\/06\/c61df9b080947c652ff27f7c4393c07278325d3e.jpg 1440w\" sizes=\"auto, (max-width: 1024px) 100vw, 1024px\" \/><\/figure>\n\n\n\n<p class=\"has-medium-font-size\"><strong>Aufgabe des Lohnb\u00fcros Greenpride<\/strong><\/p>\n\n\n\n<p>Wir unterst\u00fctzen Gew\u00e4chshausg\u00e4rtnereien mit zuverl\u00e4ssiger Vertragsarbeit, Gew\u00e4chshausreinigung und nachhaltigen L\u00f6sungen. Mit handwerklichem K\u00f6nnen, modernen Techniken und einem Auge f\u00fcr Qualit\u00e4t und Umwelt sorgen wir daf\u00fcr, dass jedes Unternehmen effizient und sauber arbeiten kann.<\/p>\n\n\t<\/div>\n\n\n\n<div class=\"col-12 col-lg-6\">\n\t\t\t\n\n<figure class=\"wp-block-image size-large is-style-rounded\"><img loading=\"lazy\" decoding=\"async\" width=\"1024\" height=\"768\" src=\"https:\/\/greenpride.indivontwikkelt.nl\/wp-content\/uploads\/2025\/06\/6cf516bff0338abeafba7297822677eabac678ac-1024x768.jpg\" alt=\"\" class=\"wp-image-36\" style=\"aspect-ratio:733\/320;object-fit:cover\" srcset=\"https:\/\/greenpride.indivontwikkelt.nl\/wp-content\/uploads\/2025\/06\/6cf516bff0338abeafba7297822677eabac678ac-1024x768.jpg 1024w, https:\/\/greenpride.indivontwikkelt.nl\/wp-content\/uploads\/2025\/06\/6cf516bff0338abeafba7297822677eabac678ac-300x225.jpg 300w, https:\/\/greenpride.indivontwikkelt.nl\/wp-content\/uploads\/2025\/06\/6cf516bff0338abeafba7297822677eabac678ac-768x576.jpg 768w, https:\/\/greenpride.indivontwikkelt.nl\/wp-content\/uploads\/2025\/06\/6cf516bff0338abeafba7297822677eabac678ac.jpg 1440w\" sizes=\"auto, (max-width: 1024px) 100vw, 1024px\" \/><\/figure>\n\n\n\n<p class=\"has-medium-font-size\"><strong>Vision des Contracting-Unternehmens Greenpride<\/strong><\/p>\n\n\n\n<p>Greenpride hat sich zum Ziel gesetzt, der nachhaltige Partner f\u00fcr Contracting- und Reinigungsarbeiten im Gew\u00e4chshausgartenbau in den n\u00f6rdlichen Niederlanden zu werden. Wir glauben an eine Zukunft, in der Gew\u00e4chsh\u00e4user und Gartencenter effizient, sicher und umweltfreundlich betrieben werden. Durch Investitionen in moderne Techniken, umweltfreundliche Produkte und enge Beziehungen zu unseren Kunden schaffen wir gemeinsam eine saubere und zukunftssichere Industrie.<\/p>\n\n\t<\/div>\n\n<\/div>\n\n<\/div>\n    <\/div>\n  <\/div>\n<\/div>\n\n<\/div>\n  <div class=\"indiv-block breakpoint-spacer\" style=\"--height-xxl: 160px;--height-xl: 160px;--height-lg: 160px;--height-md: 80px;--height-sm: 80px;--height-default: 80px;\"><\/div>\n\n<div class=\"wp-block-group has-light-grey-background-color has-background is-layout-constrained wp-block-group-is-layout-constrained\">  <div class=\"indiv-block breakpoint-spacer\" style=\"--height-xxl: 106px;--height-xl: 106px;--height-lg: 106px;--height-md: 106px;--height-sm: 106px;--height-default: 106px;\"><\/div>\n\n\n<div class=\"wp-bootstrap-blocks-container container mb-0\">\n\t\n<div class=\"wp-bootstrap-blocks-row row gy-4\">\n\t\n\n<div class=\"col-12 col-lg-6 col-xxl-5\">\n\t\t\t\n\n<figure class=\"wp-block-image size-large betrokken-side-img is-style-default\"><img loading=\"lazy\" decoding=\"async\" width=\"1024\" height=\"768\" src=\"https:\/\/greenpride.indivontwikkelt.nl\/wp-content\/uploads\/2025\/09\/Betrokken-bij-ieder-project-1024x768.jpeg\" alt=\"\" class=\"wp-image-323\" srcset=\"https:\/\/greenpride.indivontwikkelt.nl\/wp-content\/uploads\/2025\/09\/Betrokken-bij-ieder-project-1024x768.jpeg 1024w, https:\/\/greenpride.indivontwikkelt.nl\/wp-content\/uploads\/2025\/09\/Betrokken-bij-ieder-project-300x225.jpeg 300w, https:\/\/greenpride.indivontwikkelt.nl\/wp-content\/uploads\/2025\/09\/Betrokken-bij-ieder-project-768x576.jpeg 768w, https:\/\/greenpride.indivontwikkelt.nl\/wp-content\/uploads\/2025\/09\/Betrokken-bij-ieder-project-1536x1152.jpeg 1536w, https:\/\/greenpride.indivontwikkelt.nl\/wp-content\/uploads\/2025\/09\/Betrokken-bij-ieder-project.jpeg 1600w\" sizes=\"auto, (max-width: 1024px) 100vw, 1024px\" \/><\/figure>\n\n\t<\/div>\n\n\n\n<div class=\"col-12 col-lg-6 offset-xxl-1\">\n\t\t\t\n\n<h2 class=\"wp-block-heading has-grey-color has-text-color has-link-color wp-elements-5e24af0cd5f9d6dcda8ec5599c292ec2\">In jedes Projekt involviert. Konzentriert auf <mark style=\"background-color:rgba(0, 0, 0, 0)\" class=\"has-inline-color has-green-color\">Wachstum<\/mark> und <mark style=\"background-color:rgba(0, 0, 0, 0)\" class=\"has-inline-color has-green-color\">Ergebnisse<\/mark>.<\/h2>\n\n\n\n<p>Contractor Greenpride ist ein Dienstleistungsunternehmen, bei dem Ihre Bed\u00fcrfnisse an erster Stelle stehen. Die richtige Beschichtung und Reinigung ist daher ebenfalls wichtig. Wir w\u00fcrden uns freuen, mit Ihnen die verschiedenen Dienstleistungen, die wir anbieten, durchzugehen, um herauszufinden, welche f\u00fcr Ihre Situation am besten geeignet sind.<\/p>\n\n\n  <div class=\"indiv-block breakpoint-spacer\" style=\"--height-xxl: 32px;--height-xl: 32px;--height-lg: 32px;--height-md: 32px;--height-sm: 32px;--height-default: 32px;\"><\/div>\n\n\n  <div class=\"bs-button \">\n        <a class=\"btn btn-prim\u00e4r indiv-block bsbutton\" href=\"https:\/\/greenpride.indivontwikkelt.nl\/contact\/\" target=\"_self\"> Senden Sie uns eine Nachricht<\/a>\n  <\/div>\n\n\n  <div class=\"indiv-block breakpoint-spacer\" style=\"--height-xxl: 69px;--height-xl: 69px;--height-lg: 69px;--height-md: 69px;--height-sm: 69px;--height-default: 69px;\"><\/div>\n\n\n\n<div class=\"indiv-block listings\">\n  <div class=\"items\">\n\n<div class=\"indiv-block listing-item\">\n  <div class=\"number\">01.<\/div>\n  <div class=\"title\">Arbeitsmethode Reinigung Gew\u00e4chshaus<\/div>\n\n      <div class=\"link\">\n      <a href=\"https:\/\/greenpride.indivontwikkelt.nl\/de\/dienst\/gewaechshaus-deck-reinigung\/\" class=\"\">\n        Lees meer      <\/a>\n    <\/div>\n  <\/div>\n\n\n\n<div class=\"indiv-block listing-item\">\n  <div class=\"number\">02.<\/div>\n  <div class=\"title\">Methode der Beschichtung &amp; Kreidung<\/div>\n\n      <div class=\"link\">\n      <a href=\"https:\/\/greenpride.indivontwikkelt.nl\/de\/dienst\/beschichtung-kreide\/\" class=\"\">\n        Lees meer      <\/a>\n    <\/div>\n  <\/div>\n\n\n\n<div class=\"indiv-block listing-item\">\n  <div class=\"number\">03.<\/div>\n  <div class=\"title\">Methode zur Entfernung von Beschichtung und Kreidung<\/div>\n\n      <div class=\"link\">\n      <a href=\"https:\/\/greenpride.indivontwikkelt.nl\/de\/dienst\/beschichtung-kreide\/\" class=\"\">\n        Lees meer      <\/a>\n    <\/div>\n  <\/div>\n\n\n\n<div class=\"indiv-block listing-item\">\n  <div class=\"number\">04.<\/div>\n  <div class=\"title\">Methode der g\u00e4rtnerischen Vertragsarbeit<\/div>\n\n      <div class=\"link\">\n      <a href=\"https:\/\/greenpride.indivontwikkelt.nl\/de\/dienst\/vertragsarbeit-im-gartenbau\/\" class=\"\">\n        Lees meer      <\/a>\n    <\/div>\n  <\/div>\n\n<\/div>\n<\/div>\n\n\t<\/div>\n\n<\/div>\n\n<\/div>\n\n\n  <div class=\"indiv-block breakpoint-spacer\" style=\"--height-xxl: 106px;--height-xl: 106px;--height-lg: 106px;--height-md: 106px;--height-sm: 106px;--height-default: 106px;\"><\/div>\n<\/div>\n  <div class=\"indiv-block breakpoint-spacer\" style=\"--height-xxl: 112px;--height-xl: 112px;--height-lg: 112px;--height-md: 48px;--height-sm: 48px;--height-default: 48px;\"><\/div>\n<div class=\"wp-bootstrap-blocks-container container mb-0\">\n\t\n\n<div class=\"indiv-block smaller-content\">\n  <div class=\"row justify-content-center\">\n    <div class=\"col-xxl-6 col-lg-8 col-md-10 col-12\">\n      <div class=\"acf-innerblocks-container\">\n\n<h2 class=\"wp-block-heading has-text-align-center\">Unser <mark style=\"background-color:rgba(0, 0, 0, 0)\" class=\"has-inline-color has-green-color\">Team<\/mark><\/h2>\n\n\n\n<p class=\"has-text-align-center\">Das Team von Loonbedrijf Greenpride besteht aus engagierten Fachleuten mit einer Leidenschaft f\u00fcr den Gew\u00e4chshausanbau. Wir kombinieren praktische Erfahrung mit modernen Techniken, um jeden Auftrag sorgf\u00e4ltig und effizient auszuf\u00fchren.<\/p>\n\n\n\n<p class=\"has-text-align-center\"><br\/>Ob Kreiden, Beschichten oder Reinigen von Gew\u00e4chsh\u00e4usern - wir sind bekannt f\u00fcr unsere harte Arbeit, Flexibilit\u00e4t und Zuverl\u00e4ssigkeit. Gemeinsam sorgen wir daf\u00fcr, dass sich unsere Kunden auf einen sauberen, sicheren und optimal funktionierenden Betrieb verlassen k\u00f6nnen.<\/p>\n\n\n\n<p class=\"has-text-align-center\"><br\/>Wir bei Greenpride glauben, dass ein gutes Ergebnis mit einem starken Team beginnt. Deshalb legen wir Wert auf Zusammenarbeit, klare Kommunikation und kontinuierliche Verbesserung. So wachsen wir weiter, gemeinsam mit unseren Kunden.<\/p>\n\n\n\n<p class=\"has-text-align-center\"><\/p>\n\n<\/div>\n    <\/div>\n  <\/div>\n<\/div>\n\n\n  <div class=\"indiv-block breakpoint-spacer\" style=\"--height-xxl: 72px;--height-xl: 72px;--height-lg: 72px;--height-md: 72px;--height-sm: 72px;--height-default: 72px;\"><\/div>\n\n\n\n<div class=\"indiv-block smaller-content\">\n  <div class=\"row justify-content-center\">\n    <div class=\"col-xxl-10 col-lg-11 col-12\">\n      <div class=\"acf-innerblocks-container\">\n\n<div class=\"indiv-block team\">\n  <div class=\"items\">\n\n<div class=\"indiv-block team-member\">\n  <img loading=\"lazy\" decoding=\"async\" width=\"360\" height=\"440\" src=\"https:\/\/greenpride.indivontwikkelt.nl\/wp-content\/uploads\/2025\/09\/jesse-hebels.jpg\" class=\"img-fluid photo\" alt=\"\" srcset=\"https:\/\/greenpride.indivontwikkelt.nl\/wp-content\/uploads\/2025\/09\/jesse-hebels.jpg 360w, https:\/\/greenpride.indivontwikkelt.nl\/wp-content\/uploads\/2025\/09\/jesse-hebels-245x300.jpg 245w\" sizes=\"auto, (max-width: 360px) 100vw, 360px\" \/>  <div class=\"content\">\n    <div class=\"info\">\n      <div class=\"name\">Jesse Hebels<\/div>\n      <div class=\"role\">Gesch\u00e4ftsf\u00fchrerin<\/div>\n    <\/div>\n\n          <div class=\"social\">\n        <a href=\"https:\/\/www.linkedin.com\/in\/jessehebels\/\" target=\"_blank\" rel=\"noopener noreferrer\" class=\"linkedin\">\n          <i class=\"fab fa-linkedin\"><\/i>\n        <\/a>\n      <\/div>\n      <\/div>\n<\/div>\n\n<\/div>\n<\/div>\n\n<\/div>\n    <\/div>\n  <\/div>\n<\/div>\n\n<\/div>\n  <div class=\"indiv-block breakpoint-spacer\" style=\"--height-xxl: 160px;--height-xl: 160px;--height-lg: 160px;--height-md: 80px;--height-sm: 80px;--height-default: 80px;\"><\/div>\n","protected":false},"excerpt":{"rendered":"","protected":false},"author":1,"featured_media":0,"parent":0,"menu_order":0,"comment_status":"closed","ping_status":"closed","template":"","meta":{"_acf_changed":false,"footnotes":""},"class_list":["post-478","page","type-page","status-publish","hentry"],"acf":[],"_links":{"self":[{"href":"https:\/\/greenpride.indivontwikkelt.nl\/de\/wp-json\/wp\/v2\/pages\/478","targetHints":{"allow":["GET"]}}],"collection":[{"href":"https:\/\/greenpride.indivontwikkelt.nl\/de\/wp-json\/wp\/v2\/pages"}],"about":[{"href":"https:\/\/greenpride.indivontwikkelt.nl\/de\/wp-json\/wp\/v2\/types\/page"}],"author":[{"embeddable":true,"href":"https:\/\/greenpride.indivontwikkelt.nl\/de\/wp-json\/wp\/v2\/users\/1"}],"replies":[{"embeddable":true,"href":"https:\/\/greenpride.indivontwikkelt.nl\/de\/wp-json\/wp\/v2\/comments?post=478"}],"version-history":[{"count":1,"href":"https:\/\/greenpride.indivontwikkelt.nl\/de\/wp-json\/wp\/v2\/pages\/478\/revisions"}],"predecessor-version":[{"id":485,"href":"https:\/\/greenpride.indivontwikkelt.nl\/de\/wp-json\/wp\/v2\/pages\/478\/revisions\/485"}],"wp:attachment":[{"href":"https:\/\/greenpride.indivontwikkelt.nl\/de\/wp-json\/wp\/v2\/media?parent=478"}],"curies":[{"name":"wp","href":"https:\/\/api.w.org\/{rel}","templated":true}]}}