{"id":457,"date":"2025-06-24T15:38:09","date_gmt":"2025-06-24T13:38:09","guid":{"rendered":"https:\/\/greenpride.indivontwikkelt.nl\/aktuell\/"},"modified":"2026-04-02T11:50:52","modified_gmt":"2026-04-02T09:50:52","slug":"aktuell","status":"publish","type":"page","link":"https:\/\/greenpride.indivontwikkelt.nl\/de\/aktuell\/","title":{"rendered":"Aktuell"},"content":{"rendered":"\n<div class=\"indiv-block header\">\n  <div class=\"top-part\">\n    <div class=\"container\">\n      <div class=\"row justify-content-center\">\n        <div class=\"col-12 col-lg-5 col-xxl-4\">\n          <div class=\"acf-innerblocks-container\">\n\n<h2 class=\"wp-block-heading\">Aktuell<\/h2>\n\n<\/div>\n        <\/div>\n        <div class=\"col-12 col-lg-6\">\n          <p>Der Lohnunternehmer Greenpride ist t\u00e4glich im Unterglasanbau t\u00e4tig. M\u00f6chten Sie einen Einblick in das, was wir alle tun? Folgen Sie uns in den sozialen Netzwerken unten, damit Sie einen guten Eindruck davon bekommen, woran wir gerade arbeiten.  <\/p>\n        <\/div>\n      <\/div>\n    <\/div>\n  <\/div>\n  \n  <img loading=\"lazy\" decoding=\"async\" width=\"1440\" height=\"1080\" src=\"https:\/\/greenpride.indivontwikkelt.nl\/wp-content\/uploads\/2025\/06\/a0f314b91e5e27968d3f8bdfbe787dfe9736e792.jpg\" class=\"img-fluid bottom-image\" alt=\"\" srcset=\"https:\/\/greenpride.indivontwikkelt.nl\/wp-content\/uploads\/2025\/06\/a0f314b91e5e27968d3f8bdfbe787dfe9736e792.jpg 1440w, https:\/\/greenpride.indivontwikkelt.nl\/wp-content\/uploads\/2025\/06\/a0f314b91e5e27968d3f8bdfbe787dfe9736e792-300x225.jpg 300w, https:\/\/greenpride.indivontwikkelt.nl\/wp-content\/uploads\/2025\/06\/a0f314b91e5e27968d3f8bdfbe787dfe9736e792-1024x768.jpg 1024w, https:\/\/greenpride.indivontwikkelt.nl\/wp-content\/uploads\/2025\/06\/a0f314b91e5e27968d3f8bdfbe787dfe9736e792-768x576.jpg 768w\" sizes=\"auto, (max-width: 1440px) 100vw, 1440px\" \/><\/div>\n\n  <div class=\"indiv-block breakpoint-spacer\" style=\"--height-xxl: 120px;--height-xl: 120px;--height-lg: 120px;--height-md: 60px;--height-sm: 60px;--height-default: 60px;\"><\/div>\n\n\n<div class=\"wp-bootstrap-blocks-container container mb-0\">\n\t\n\n<div class=\"indiv-block smaller-content\">\n  <div class=\"row justify-content-center\">\n    <div class=\"col-xxl-10 col-lg-11 col-12\">\n      <div class=\"acf-innerblocks-container\">\n\n<!-- Elfsight LinkedIn Feed | Greenpride -->\n<script src=\"https:\/\/elfsightcdn.com\/platform.js\" async><\/script>\n<div class=\"elfsight-app-744e8519-ad62-404e-8bf1-54d96d9f963a\" data-elfsight-app-lazy><\/div>\n\n<\/div>\n    <\/div>\n  <\/div>\n<\/div>\n\n<\/div>\n\n\n  <div class=\"indiv-block breakpoint-spacer\" style=\"--height-xxl: 160px;--height-xl: 160px;--height-lg: 160px;--height-md: 80px;--height-sm: 80px;--height-default: 80px;\"><\/div>\n\n\n\n<div class=\"wp-block-group has-light-grey-background-color has-background is-layout-constrained wp-block-group-is-layout-constrained\">  <div class=\"indiv-block breakpoint-spacer\" style=\"--height-xxl: 106px;--height-xl: 106px;--height-lg: 106px;--height-md: 106px;--height-sm: 106px;--height-default: 106px;\"><\/div>\n\n\n<div class=\"wp-bootstrap-blocks-container container mb-0\">\n\t\n<div class=\"wp-bootstrap-blocks-row row gy-4\">\n\t\n\n<div class=\"col-12 col-lg-6 col-xxl-5\">\n\t\t\t\n\n<figure class=\"wp-block-image size-full betrokken-side-img is-style-default\"><img loading=\"lazy\" decoding=\"async\" width=\"1600\" height=\"1200\" src=\"https:\/\/greenpride.indivontwikkelt.nl\/wp-content\/uploads\/2025\/09\/Betrokken-bij-ieder-project.jpeg\" alt=\"\" class=\"wp-image-323\" srcset=\"https:\/\/greenpride.indivontwikkelt.nl\/wp-content\/uploads\/2025\/09\/Betrokken-bij-ieder-project.jpeg 1600w, https:\/\/greenpride.indivontwikkelt.nl\/wp-content\/uploads\/2025\/09\/Betrokken-bij-ieder-project-300x225.jpeg 300w, https:\/\/greenpride.indivontwikkelt.nl\/wp-content\/uploads\/2025\/09\/Betrokken-bij-ieder-project-1024x768.jpeg 1024w, https:\/\/greenpride.indivontwikkelt.nl\/wp-content\/uploads\/2025\/09\/Betrokken-bij-ieder-project-768x576.jpeg 768w, https:\/\/greenpride.indivontwikkelt.nl\/wp-content\/uploads\/2025\/09\/Betrokken-bij-ieder-project-1536x1152.jpeg 1536w\" sizes=\"auto, (max-width: 1600px) 100vw, 1600px\" \/><\/figure>\n\n\t<\/div>\n\n\n\n<div class=\"col-12 col-lg-6 offset-xxl-1\">\n\t\t\t\n\n<h2 class=\"wp-block-heading has-grey-color has-text-color has-link-color wp-elements-6847186d15fd3efb50f4c1d4b3862967\">In jedes Projekt involviert. Konzentriert auf <mark style=\"background-color:rgba(0, 0, 0, 0)\" class=\"has-inline-color has-green-color\">Wachstum<\/mark> und <mark style=\"background-color:rgba(0, 0, 0, 0)\" class=\"has-inline-color has-green-color\">Ergebnisse<\/mark>.<\/h2>\n\n\n\n<p>Contractor Greenpride ist ein Dienstleistungsunternehmen, bei dem Ihre Bed\u00fcrfnisse an erster Stelle stehen. Die richtige Beschichtung und Reinigung ist daher ebenfalls wichtig. Wir w\u00fcrden uns freuen, mit Ihnen die verschiedenen Dienstleistungen, die wir anbieten, durchzugehen, um herauszufinden, welche f\u00fcr Ihre Situation am besten geeignet sind.<\/p>\n\n\n  <div class=\"indiv-block breakpoint-spacer\" style=\"--height-xxl: 32px;--height-xl: 32px;--height-lg: 32px;--height-md: 32px;--height-sm: 32px;--height-default: 32px;\"><\/div>\n\n\n  <div class=\"bs-button \">\n        <a class=\"btn btn-prim\u00e4r indiv-block bsbutton\" href=\"#\" target=\"_self\"> Senden Sie uns eine Nachricht<\/a>\n  <\/div>\n\n\n  <div class=\"indiv-block breakpoint-spacer\" style=\"--height-xxl: 69px;--height-xl: 69px;--height-lg: 69px;--height-md: 69px;--height-sm: 69px;--height-default: 69px;\"><\/div>\n\n\n\n<div class=\"indiv-block listings\">\n  <div class=\"items\">\n\n<div class=\"indiv-block listing-item\">\n  <div class=\"number\">01.<\/div>\n  <div class=\"title\">Arbeitsmethode Reinigung Gew\u00e4chshaus<\/div>\n\n      <div class=\"link\">\n      <a href=\"https:\/\/greenpride.indivontwikkelt.nl\/de\/dienst\/gewaechshaus-deck-reinigung\/\" class=\"\">\n        Lees meer      <\/a>\n    <\/div>\n  <\/div>\n\n\n\n<div class=\"indiv-block listing-item\">\n  <div class=\"number\">02.<\/div>\n  <div class=\"title\">Methode der Beschichtung &amp; Kreidung<\/div>\n\n      <div class=\"link\">\n      <a href=\"https:\/\/greenpride.indivontwikkelt.nl\/de\/dienst\/beschichtung-kreide\/\" class=\"\">\n        Lees meer      <\/a>\n    <\/div>\n  <\/div>\n\n\n\n<div class=\"indiv-block listing-item\">\n  <div class=\"number\">03.<\/div>\n  <div class=\"title\">Methode zur Entfernung von Beschichtung und Kreidung<\/div>\n\n      <div class=\"link\">\n      <a href=\"https:\/\/greenpride.indivontwikkelt.nl\/de\/dienst\/beschichtung-kreide\/\" class=\"\">\n        Lees meer      <\/a>\n    <\/div>\n  <\/div>\n\n\n\n<div class=\"indiv-block listing-item\">\n  <div class=\"number\">04.<\/div>\n  <div class=\"title\">Methode der g\u00e4rtnerischen Vertragsarbeit<\/div>\n\n      <div class=\"link\">\n      <a href=\"https:\/\/greenpride.indivontwikkelt.nl\/de\/dienst\/vertragsarbeit-im-gartenbau\/\" class=\"\">\n        Lees meer      <\/a>\n    <\/div>\n  <\/div>\n\n<\/div>\n<\/div>\n\n\t<\/div>\n\n<\/div>\n\n<\/div>\n\n\n  <div class=\"indiv-block breakpoint-spacer\" style=\"--height-xxl: 106px;--height-xl: 106px;--height-lg: 106px;--height-md: 106px;--height-sm: 106px;--height-default: 106px;\"><\/div>\n<\/div>\n\n\n  <div class=\"indiv-block breakpoint-spacer\" style=\"--height-xxl: 112px;--height-xl: 112px;--height-lg: 112px;--height-md: 66px;--height-sm: 66px;--height-default: 66px;\"><\/div>\n\n\n<div class=\"wp-bootstrap-blocks-container container mb-0\">\n\t\n\n<div class=\"indiv-block smaller-content\">\n  <div class=\"row justify-content-center\">\n    <div class=\"col-xxl-6 col-lg-8 col-md-10 col-12\">\n      <div class=\"acf-innerblocks-container\">\n\n<h2 class=\"wp-block-heading has-text-align-center\">Unsere <mark style=\"background-color:rgba(0, 0, 0, 0)\" class=\"has-inline-color has-green-color\">Dienstleistungen<\/mark><\/h2>\n\n\n\n<p class=\"has-text-align-center\">Nachstehend finden Sie eine Liste aller Arbeiten\/Dienstleistungen, die wir ausf\u00fchren. Wenn Sie mehr \u00fcber einen der unten aufgef\u00fchrten Dienste erfahren m\u00f6chten, klicken Sie auf die entsprechende Schaltfl\u00e4che. Wenn Ihr gew\u00fcnschter Service nicht aufgef\u00fchrt ist, kontaktieren Sie uns bitte, um Ihre Frage zu stellen. Wir sind zu vielem bereit und freuen uns, mit Ihnen mitzudenken. Wenn Sie mehr \u00fcber einen der unten aufgef\u00fchrten Dienste erfahren m\u00f6chten, klicken Sie auf die entsprechende Schaltfl\u00e4che.<\/p>\n\n<\/div>\n    <\/div>\n  <\/div>\n<\/div>\n\n\n  <div class=\"indiv-block breakpoint-spacer\" style=\"--height-xxl: 72px;--height-xl: 72px;--height-lg: 72px;--height-md: 72px;--height-sm: 72px;--height-default: 72px;\"><\/div>\n\n\n\n<div class=\"indiv-block service-slider\">\n  <div class=\"swiper\">\n    <!-- Additional required wrapper -->\n    <div class=\"swiper-wrapper\">\n      <!-- Slides -->\n                      <div class=\"swiper-slide\">\n          <div class=\"item-service\">\r\n  <div class=\"backgrounds\">\r\n    <img loading=\"lazy\" decoding=\"async\" width=\"1200\" height=\"1600\" src=\"https:\/\/greenpride.indivontwikkelt.nl\/wp-content\/uploads\/2025\/09\/verhuur-shovel-.jpeg\" class=\"img-fluid wp-post-image\" alt=\"\" srcset=\"https:\/\/greenpride.indivontwikkelt.nl\/wp-content\/uploads\/2025\/09\/verhuur-shovel-.jpeg 1200w, https:\/\/greenpride.indivontwikkelt.nl\/wp-content\/uploads\/2025\/09\/verhuur-shovel--225x300.jpeg 225w, https:\/\/greenpride.indivontwikkelt.nl\/wp-content\/uploads\/2025\/09\/verhuur-shovel--768x1024.jpeg 768w, https:\/\/greenpride.indivontwikkelt.nl\/wp-content\/uploads\/2025\/09\/verhuur-shovel--1152x1536.jpeg 1152w\" sizes=\"auto, (max-width: 1200px) 100vw, 1200px\" \/>    <div class=\"gradient\"><\/div>\r\n  <\/div>\r\n\r\n  <div class=\"content-wrapper\">\r\n    <div class=\"content\">\r\n      <div class=\"title\">Vermietung<\/div>\r\n      <div class=\"arrow-circle\">\r\n        <svg width=\"48\" height=\"48\" viewBox=\"0 0 48 48\" fill=\"none\" xmlns=\"http:\/\/www.w3.org\/2000\/svg\">\r\n          <circle cx=\"24\" cy=\"24\" r=\"24\" fill=\"white\"\/>\r\n          <path d=\"M30.6458 23.6443L31 24L30.6458 24.3557L25.3793 29.6443L25.0251 30L24.3166 29.2886L24.6708 28.9328L29.0815 24.5037L17.5016 24.5037L17 24.5037L17 23.4963L17.5016 23.4963L29.0815 23.4963L24.6708 19.0672L24.3166 18.7114L25.0251 18L25.3793 18.3557L30.6458 23.6443Z\" fill=\"black\"\/>\r\n        <\/svg>\r\n      <\/div>\r\n    <\/div>\r\n  <\/div>\r\n\r\n  <a href=\"https:\/\/greenpride.indivontwikkelt.nl\/de\/dienst\/vermietung\/\" class=\"stretched-link\"><\/a>\r\n<\/div>        <\/div>\n                      <div class=\"swiper-slide\">\n          <div class=\"item-service\">\r\n  <div class=\"backgrounds\">\r\n    <img loading=\"lazy\" decoding=\"async\" width=\"582\" height=\"430\" src=\"https:\/\/greenpride.indivontwikkelt.nl\/wp-content\/uploads\/2025\/09\/binnenreiniging.jpg\" class=\"img-fluid wp-post-image\" alt=\"\" srcset=\"https:\/\/greenpride.indivontwikkelt.nl\/wp-content\/uploads\/2025\/09\/binnenreiniging.jpg 582w, https:\/\/greenpride.indivontwikkelt.nl\/wp-content\/uploads\/2025\/09\/binnenreiniging-300x222.jpg 300w\" sizes=\"auto, (max-width: 582px) 100vw, 582px\" \/>    <div class=\"gradient\"><\/div>\r\n  <\/div>\r\n\r\n  <div class=\"content-wrapper\">\r\n    <div class=\"content\">\r\n      <div class=\"title\">Binnen reinigen<\/div>\r\n      <div class=\"arrow-circle\">\r\n        <svg width=\"48\" height=\"48\" viewBox=\"0 0 48 48\" fill=\"none\" xmlns=\"http:\/\/www.w3.org\/2000\/svg\">\r\n          <circle cx=\"24\" cy=\"24\" r=\"24\" fill=\"white\"\/>\r\n          <path d=\"M30.6458 23.6443L31 24L30.6458 24.3557L25.3793 29.6443L25.0251 30L24.3166 29.2886L24.6708 28.9328L29.0815 24.5037L17.5016 24.5037L17 24.5037L17 23.4963L17.5016 23.4963L29.0815 23.4963L24.6708 19.0672L24.3166 18.7114L25.0251 18L25.3793 18.3557L30.6458 23.6443Z\" fill=\"black\"\/>\r\n        <\/svg>\r\n      <\/div>\r\n    <\/div>\r\n  <\/div>\r\n\r\n  <a href=\"https:\/\/greenpride.indivontwikkelt.nl\/dienst\/binnen-reinigen\/\" class=\"stretched-link\"><\/a>\r\n<\/div>        <\/div>\n                      <div class=\"swiper-slide\">\n          <div class=\"item-service\">\r\n  <div class=\"backgrounds\">\r\n    <img loading=\"lazy\" decoding=\"async\" width=\"1600\" height=\"1200\" src=\"https:\/\/greenpride.indivontwikkelt.nl\/wp-content\/uploads\/2025\/09\/automatisch-wassen-2-.jpeg\" class=\"img-fluid wp-post-image\" alt=\"\" srcset=\"https:\/\/greenpride.indivontwikkelt.nl\/wp-content\/uploads\/2025\/09\/automatisch-wassen-2-.jpeg 1600w, https:\/\/greenpride.indivontwikkelt.nl\/wp-content\/uploads\/2025\/09\/automatisch-wassen-2--300x225.jpeg 300w, https:\/\/greenpride.indivontwikkelt.nl\/wp-content\/uploads\/2025\/09\/automatisch-wassen-2--1024x768.jpeg 1024w, https:\/\/greenpride.indivontwikkelt.nl\/wp-content\/uploads\/2025\/09\/automatisch-wassen-2--768x576.jpeg 768w, https:\/\/greenpride.indivontwikkelt.nl\/wp-content\/uploads\/2025\/09\/automatisch-wassen-2--1536x1152.jpeg 1536w\" sizes=\"auto, (max-width: 1600px) 100vw, 1600px\" \/>    <div class=\"gradient\"><\/div>\r\n  <\/div>\r\n\r\n  <div class=\"content-wrapper\">\r\n    <div class=\"content\">\r\n      <div class=\"title\">Kasdek reinigen<\/div>\r\n      <div class=\"arrow-circle\">\r\n        <svg width=\"48\" height=\"48\" viewBox=\"0 0 48 48\" fill=\"none\" xmlns=\"http:\/\/www.w3.org\/2000\/svg\">\r\n          <circle cx=\"24\" cy=\"24\" r=\"24\" fill=\"white\"\/>\r\n          <path d=\"M30.6458 23.6443L31 24L30.6458 24.3557L25.3793 29.6443L25.0251 30L24.3166 29.2886L24.6708 28.9328L29.0815 24.5037L17.5016 24.5037L17 24.5037L17 23.4963L17.5016 23.4963L29.0815 23.4963L24.6708 19.0672L24.3166 18.7114L25.0251 18L25.3793 18.3557L30.6458 23.6443Z\" fill=\"black\"\/>\r\n        <\/svg>\r\n      <\/div>\r\n    <\/div>\r\n  <\/div>\r\n\r\n  <a href=\"https:\/\/greenpride.indivontwikkelt.nl\/dienst\/kasdek-reinigen\/\" class=\"stretched-link\"><\/a>\r\n<\/div>        <\/div>\n                      <div class=\"swiper-slide\">\n          <div class=\"item-service\">\r\n  <div class=\"backgrounds\">\r\n    <img loading=\"lazy\" decoding=\"async\" width=\"582\" height=\"430\" src=\"https:\/\/greenpride.indivontwikkelt.nl\/wp-content\/uploads\/2025\/09\/tuinbouwloonwerk.jpg\" class=\"img-fluid wp-post-image\" alt=\"\" srcset=\"https:\/\/greenpride.indivontwikkelt.nl\/wp-content\/uploads\/2025\/09\/tuinbouwloonwerk.jpg 582w, https:\/\/greenpride.indivontwikkelt.nl\/wp-content\/uploads\/2025\/09\/tuinbouwloonwerk-300x222.jpg 300w\" sizes=\"auto, (max-width: 582px) 100vw, 582px\" \/>    <div class=\"gradient\"><\/div>\r\n  <\/div>\r\n\r\n  <div class=\"content-wrapper\">\r\n    <div class=\"content\">\r\n      <div class=\"title\">Tuinbouw Loonwerk<\/div>\r\n      <div class=\"arrow-circle\">\r\n        <svg width=\"48\" height=\"48\" viewBox=\"0 0 48 48\" fill=\"none\" xmlns=\"http:\/\/www.w3.org\/2000\/svg\">\r\n          <circle cx=\"24\" cy=\"24\" r=\"24\" fill=\"white\"\/>\r\n          <path d=\"M30.6458 23.6443L31 24L30.6458 24.3557L25.3793 29.6443L25.0251 30L24.3166 29.2886L24.6708 28.9328L29.0815 24.5037L17.5016 24.5037L17 24.5037L17 23.4963L17.5016 23.4963L29.0815 23.4963L24.6708 19.0672L24.3166 18.7114L25.0251 18L25.3793 18.3557L30.6458 23.6443Z\" fill=\"black\"\/>\r\n        <\/svg>\r\n      <\/div>\r\n    <\/div>\r\n  <\/div>\r\n\r\n  <a href=\"https:\/\/greenpride.indivontwikkelt.nl\/dienst\/tuinbouw-loonwerk\/\" class=\"stretched-link\"><\/a>\r\n<\/div>        <\/div>\n                      <div class=\"swiper-slide\">\n          <div class=\"item-service\">\r\n  <div class=\"backgrounds\">\r\n    <img loading=\"lazy\" decoding=\"async\" width=\"1600\" height=\"1200\" src=\"https:\/\/greenpride.indivontwikkelt.nl\/wp-content\/uploads\/2025\/06\/dienst-coaten-krijten.jpeg\" class=\"img-fluid wp-post-image\" alt=\"\" srcset=\"https:\/\/greenpride.indivontwikkelt.nl\/wp-content\/uploads\/2025\/06\/dienst-coaten-krijten.jpeg 1600w, https:\/\/greenpride.indivontwikkelt.nl\/wp-content\/uploads\/2025\/06\/dienst-coaten-krijten-300x225.jpeg 300w, https:\/\/greenpride.indivontwikkelt.nl\/wp-content\/uploads\/2025\/06\/dienst-coaten-krijten-1024x768.jpeg 1024w, https:\/\/greenpride.indivontwikkelt.nl\/wp-content\/uploads\/2025\/06\/dienst-coaten-krijten-768x576.jpeg 768w, https:\/\/greenpride.indivontwikkelt.nl\/wp-content\/uploads\/2025\/06\/dienst-coaten-krijten-1536x1152.jpeg 1536w\" sizes=\"auto, (max-width: 1600px) 100vw, 1600px\" \/>    <div class=\"gradient\"><\/div>\r\n  <\/div>\r\n\r\n  <div class=\"content-wrapper\">\r\n    <div class=\"content\">\r\n      <div class=\"title\">Coaten &amp; Krijten<\/div>\r\n      <div class=\"arrow-circle\">\r\n        <svg width=\"48\" height=\"48\" viewBox=\"0 0 48 48\" fill=\"none\" xmlns=\"http:\/\/www.w3.org\/2000\/svg\">\r\n          <circle cx=\"24\" cy=\"24\" r=\"24\" fill=\"white\"\/>\r\n          <path d=\"M30.6458 23.6443L31 24L30.6458 24.3557L25.3793 29.6443L25.0251 30L24.3166 29.2886L24.6708 28.9328L29.0815 24.5037L17.5016 24.5037L17 24.5037L17 23.4963L17.5016 23.4963L29.0815 23.4963L24.6708 19.0672L24.3166 18.7114L25.0251 18L25.3793 18.3557L30.6458 23.6443Z\" fill=\"black\"\/>\r\n        <\/svg>\r\n      <\/div>\r\n    <\/div>\r\n  <\/div>\r\n\r\n  <a href=\"https:\/\/greenpride.indivontwikkelt.nl\/dienst\/coaten-krijten\/\" class=\"stretched-link\"><\/a>\r\n<\/div>        <\/div>\n                      <div class=\"swiper-slide\">\n          <div class=\"item-service\">\r\n  <div class=\"backgrounds\">\r\n    <img loading=\"lazy\" decoding=\"async\" width=\"1200\" height=\"1600\" src=\"https:\/\/greenpride.indivontwikkelt.nl\/wp-content\/uploads\/2025\/09\/verhuur-shovel-.jpeg\" class=\"img-fluid wp-post-image\" alt=\"\" srcset=\"https:\/\/greenpride.indivontwikkelt.nl\/wp-content\/uploads\/2025\/09\/verhuur-shovel-.jpeg 1200w, https:\/\/greenpride.indivontwikkelt.nl\/wp-content\/uploads\/2025\/09\/verhuur-shovel--225x300.jpeg 225w, https:\/\/greenpride.indivontwikkelt.nl\/wp-content\/uploads\/2025\/09\/verhuur-shovel--768x1024.jpeg 768w, https:\/\/greenpride.indivontwikkelt.nl\/wp-content\/uploads\/2025\/09\/verhuur-shovel--1152x1536.jpeg 1152w\" sizes=\"auto, (max-width: 1200px) 100vw, 1200px\" \/>    <div class=\"gradient\"><\/div>\r\n  <\/div>\r\n\r\n  <div class=\"content-wrapper\">\r\n    <div class=\"content\">\r\n      <div class=\"title\">Verhuur<\/div>\r\n      <div class=\"arrow-circle\">\r\n        <svg width=\"48\" height=\"48\" viewBox=\"0 0 48 48\" fill=\"none\" xmlns=\"http:\/\/www.w3.org\/2000\/svg\">\r\n          <circle cx=\"24\" cy=\"24\" r=\"24\" fill=\"white\"\/>\r\n          <path d=\"M30.6458 23.6443L31 24L30.6458 24.3557L25.3793 29.6443L25.0251 30L24.3166 29.2886L24.6708 28.9328L29.0815 24.5037L17.5016 24.5037L17 24.5037L17 23.4963L17.5016 23.4963L29.0815 23.4963L24.6708 19.0672L24.3166 18.7114L25.0251 18L25.3793 18.3557L30.6458 23.6443Z\" fill=\"black\"\/>\r\n        <\/svg>\r\n      <\/div>\r\n    <\/div>\r\n  <\/div>\r\n\r\n  <a href=\"https:\/\/greenpride.indivontwikkelt.nl\/dienst\/verhuur\/\" class=\"stretched-link\"><\/a>\r\n<\/div>        <\/div>\n                      <div class=\"swiper-slide\">\n          <div class=\"item-service\">\r\n  <div class=\"backgrounds\">\r\n    <img loading=\"lazy\" decoding=\"async\" width=\"1600\" height=\"1200\" src=\"https:\/\/greenpride.indivontwikkelt.nl\/wp-content\/uploads\/2025\/06\/dienst-coaten-krijten.jpeg\" class=\"img-fluid wp-post-image\" alt=\"\" srcset=\"https:\/\/greenpride.indivontwikkelt.nl\/wp-content\/uploads\/2025\/06\/dienst-coaten-krijten.jpeg 1600w, https:\/\/greenpride.indivontwikkelt.nl\/wp-content\/uploads\/2025\/06\/dienst-coaten-krijten-300x225.jpeg 300w, https:\/\/greenpride.indivontwikkelt.nl\/wp-content\/uploads\/2025\/06\/dienst-coaten-krijten-1024x768.jpeg 1024w, https:\/\/greenpride.indivontwikkelt.nl\/wp-content\/uploads\/2025\/06\/dienst-coaten-krijten-768x576.jpeg 768w, https:\/\/greenpride.indivontwikkelt.nl\/wp-content\/uploads\/2025\/06\/dienst-coaten-krijten-1536x1152.jpeg 1536w\" sizes=\"auto, (max-width: 1600px) 100vw, 1600px\" \/>    <div class=\"gradient\"><\/div>\r\n  <\/div>\r\n\r\n  <div class=\"content-wrapper\">\r\n    <div class=\"content\">\r\n      <div class=\"title\">Beschichtung &amp; Kreide<\/div>\r\n      <div class=\"arrow-circle\">\r\n        <svg width=\"48\" height=\"48\" viewBox=\"0 0 48 48\" fill=\"none\" xmlns=\"http:\/\/www.w3.org\/2000\/svg\">\r\n          <circle cx=\"24\" cy=\"24\" r=\"24\" fill=\"white\"\/>\r\n          <path d=\"M30.6458 23.6443L31 24L30.6458 24.3557L25.3793 29.6443L25.0251 30L24.3166 29.2886L24.6708 28.9328L29.0815 24.5037L17.5016 24.5037L17 24.5037L17 23.4963L17.5016 23.4963L29.0815 23.4963L24.6708 19.0672L24.3166 18.7114L25.0251 18L25.3793 18.3557L30.6458 23.6443Z\" fill=\"black\"\/>\r\n        <\/svg>\r\n      <\/div>\r\n    <\/div>\r\n  <\/div>\r\n\r\n  <a href=\"https:\/\/greenpride.indivontwikkelt.nl\/de\/dienst\/beschichtung-kreide\/\" class=\"stretched-link\"><\/a>\r\n<\/div>        <\/div>\n                      <div class=\"swiper-slide\">\n          <div class=\"item-service\">\r\n  <div class=\"backgrounds\">\r\n    <img loading=\"lazy\" decoding=\"async\" width=\"1600\" height=\"1200\" src=\"https:\/\/greenpride.indivontwikkelt.nl\/wp-content\/uploads\/2025\/09\/automatisch-wassen-2-.jpeg\" class=\"img-fluid wp-post-image\" alt=\"\" srcset=\"https:\/\/greenpride.indivontwikkelt.nl\/wp-content\/uploads\/2025\/09\/automatisch-wassen-2-.jpeg 1600w, https:\/\/greenpride.indivontwikkelt.nl\/wp-content\/uploads\/2025\/09\/automatisch-wassen-2--300x225.jpeg 300w, https:\/\/greenpride.indivontwikkelt.nl\/wp-content\/uploads\/2025\/09\/automatisch-wassen-2--1024x768.jpeg 1024w, https:\/\/greenpride.indivontwikkelt.nl\/wp-content\/uploads\/2025\/09\/automatisch-wassen-2--768x576.jpeg 768w, https:\/\/greenpride.indivontwikkelt.nl\/wp-content\/uploads\/2025\/09\/automatisch-wassen-2--1536x1152.jpeg 1536w\" sizes=\"auto, (max-width: 1600px) 100vw, 1600px\" \/>    <div class=\"gradient\"><\/div>\r\n  <\/div>\r\n\r\n  <div class=\"content-wrapper\">\r\n    <div class=\"content\">\r\n      <div class=\"title\">Gew\u00e4chshaus Deck Reinigung<\/div>\r\n      <div class=\"arrow-circle\">\r\n        <svg width=\"48\" height=\"48\" viewBox=\"0 0 48 48\" fill=\"none\" xmlns=\"http:\/\/www.w3.org\/2000\/svg\">\r\n          <circle cx=\"24\" cy=\"24\" r=\"24\" fill=\"white\"\/>\r\n          <path d=\"M30.6458 23.6443L31 24L30.6458 24.3557L25.3793 29.6443L25.0251 30L24.3166 29.2886L24.6708 28.9328L29.0815 24.5037L17.5016 24.5037L17 24.5037L17 23.4963L17.5016 23.4963L29.0815 23.4963L24.6708 19.0672L24.3166 18.7114L25.0251 18L25.3793 18.3557L30.6458 23.6443Z\" fill=\"black\"\/>\r\n        <\/svg>\r\n      <\/div>\r\n    <\/div>\r\n  <\/div>\r\n\r\n  <a href=\"https:\/\/greenpride.indivontwikkelt.nl\/de\/dienst\/gewaechshaus-deck-reinigung\/\" class=\"stretched-link\"><\/a>\r\n<\/div>        <\/div>\n                      <div class=\"swiper-slide\">\n          <div class=\"item-service\">\r\n  <div class=\"backgrounds\">\r\n    <img loading=\"lazy\" decoding=\"async\" width=\"582\" height=\"430\" src=\"https:\/\/greenpride.indivontwikkelt.nl\/wp-content\/uploads\/2025\/09\/tuinbouwloonwerk.jpg\" class=\"img-fluid wp-post-image\" alt=\"\" srcset=\"https:\/\/greenpride.indivontwikkelt.nl\/wp-content\/uploads\/2025\/09\/tuinbouwloonwerk.jpg 582w, https:\/\/greenpride.indivontwikkelt.nl\/wp-content\/uploads\/2025\/09\/tuinbouwloonwerk-300x222.jpg 300w\" sizes=\"auto, (max-width: 582px) 100vw, 582px\" \/>    <div class=\"gradient\"><\/div>\r\n  <\/div>\r\n\r\n  <div class=\"content-wrapper\">\r\n    <div class=\"content\">\r\n      <div class=\"title\">Vertragsarbeit im Gartenbau<\/div>\r\n      <div class=\"arrow-circle\">\r\n        <svg width=\"48\" height=\"48\" viewBox=\"0 0 48 48\" fill=\"none\" xmlns=\"http:\/\/www.w3.org\/2000\/svg\">\r\n          <circle cx=\"24\" cy=\"24\" r=\"24\" fill=\"white\"\/>\r\n          <path d=\"M30.6458 23.6443L31 24L30.6458 24.3557L25.3793 29.6443L25.0251 30L24.3166 29.2886L24.6708 28.9328L29.0815 24.5037L17.5016 24.5037L17 24.5037L17 23.4963L17.5016 23.4963L29.0815 23.4963L24.6708 19.0672L24.3166 18.7114L25.0251 18L25.3793 18.3557L30.6458 23.6443Z\" fill=\"black\"\/>\r\n        <\/svg>\r\n      <\/div>\r\n    <\/div>\r\n  <\/div>\r\n\r\n  <a href=\"https:\/\/greenpride.indivontwikkelt.nl\/de\/dienst\/vertragsarbeit-im-gartenbau\/\" class=\"stretched-link\"><\/a>\r\n<\/div>        <\/div>\n                      <div class=\"swiper-slide\">\n          <div class=\"item-service\">\r\n  <div class=\"backgrounds\">\r\n    <img loading=\"lazy\" decoding=\"async\" width=\"582\" height=\"430\" src=\"https:\/\/greenpride.indivontwikkelt.nl\/wp-content\/uploads\/2025\/09\/binnenreiniging.jpg\" class=\"img-fluid wp-post-image\" alt=\"\" srcset=\"https:\/\/greenpride.indivontwikkelt.nl\/wp-content\/uploads\/2025\/09\/binnenreiniging.jpg 582w, https:\/\/greenpride.indivontwikkelt.nl\/wp-content\/uploads\/2025\/09\/binnenreiniging-300x222.jpg 300w\" sizes=\"auto, (max-width: 582px) 100vw, 582px\" \/>    <div class=\"gradient\"><\/div>\r\n  <\/div>\r\n\r\n  <div class=\"content-wrapper\">\r\n    <div class=\"content\">\r\n      <div class=\"title\">Reinigung innen<\/div>\r\n      <div class=\"arrow-circle\">\r\n        <svg width=\"48\" height=\"48\" viewBox=\"0 0 48 48\" fill=\"none\" xmlns=\"http:\/\/www.w3.org\/2000\/svg\">\r\n          <circle cx=\"24\" cy=\"24\" r=\"24\" fill=\"white\"\/>\r\n          <path d=\"M30.6458 23.6443L31 24L30.6458 24.3557L25.3793 29.6443L25.0251 30L24.3166 29.2886L24.6708 28.9328L29.0815 24.5037L17.5016 24.5037L17 24.5037L17 23.4963L17.5016 23.4963L29.0815 23.4963L24.6708 19.0672L24.3166 18.7114L25.0251 18L25.3793 18.3557L30.6458 23.6443Z\" fill=\"black\"\/>\r\n        <\/svg>\r\n      <\/div>\r\n    <\/div>\r\n  <\/div>\r\n\r\n  <a href=\"https:\/\/greenpride.indivontwikkelt.nl\/de\/dienst\/reinigung-innen\/\" class=\"stretched-link\"><\/a>\r\n<\/div>        <\/div>\n          <\/div>\n  <\/div>\n<\/div>\n\n<\/div>\n\n\n  <div class=\"indiv-block breakpoint-spacer\" style=\"--height-xxl: 160px;--height-xl: 160px;--height-lg: 160px;--height-md: 80px;--height-sm: 80px;--height-default: 80px;\"><\/div>\n","protected":false},"excerpt":{"rendered":"","protected":false},"author":1,"featured_media":0,"parent":0,"menu_order":0,"comment_status":"closed","ping_status":"closed","template":"","meta":{"_acf_changed":false,"footnotes":""},"class_list":["post-457","page","type-page","status-publish","hentry"],"acf":[],"_links":{"self":[{"href":"https:\/\/greenpride.indivontwikkelt.nl\/de\/wp-json\/wp\/v2\/pages\/457","targetHints":{"allow":["GET"]}}],"collection":[{"href":"https:\/\/greenpride.indivontwikkelt.nl\/de\/wp-json\/wp\/v2\/pages"}],"about":[{"href":"https:\/\/greenpride.indivontwikkelt.nl\/de\/wp-json\/wp\/v2\/types\/page"}],"author":[{"embeddable":true,"href":"https:\/\/greenpride.indivontwikkelt.nl\/de\/wp-json\/wp\/v2\/users\/1"}],"replies":[{"embeddable":true,"href":"https:\/\/greenpride.indivontwikkelt.nl\/de\/wp-json\/wp\/v2\/comments?post=457"}],"version-history":[{"count":2,"href":"https:\/\/greenpride.indivontwikkelt.nl\/de\/wp-json\/wp\/v2\/pages\/457\/revisions"}],"predecessor-version":[{"id":589,"href":"https:\/\/greenpride.indivontwikkelt.nl\/de\/wp-json\/wp\/v2\/pages\/457\/revisions\/589"}],"wp:attachment":[{"href":"https:\/\/greenpride.indivontwikkelt.nl\/de\/wp-json\/wp\/v2\/media?parent=457"}],"curies":[{"name":"wp","href":"https:\/\/api.w.org\/{rel}","templated":true}]}}